{"id":9,"date":"2021-07-01T06:05:15","date_gmt":"2021-07-01T06:05:15","guid":{"rendered":"https:\/\/tigere.com\/?page_id=9"},"modified":"2021-07-06T06:34:10","modified_gmt":"2021-07-06T06:34:10","slug":"about","status":"publish","type":"page","link":"https:\/\/tigere.com\/index.php\/about\/","title":{"rendered":"Acerca de Mi"},"content":{"rendered":"\n<p class=\"has-text-align-center\">Me gusta descubrir lo escondido. Explorar la realidad detr\u00e1s de la realidad. Observar la geometr\u00eda de las flores y percibir la vibraci\u00f3n de la m\u00fasica\u2026<\/p>\n\n\n\n<div class=\"wp-block-image\"><figure class=\"aligncenter size-large\"><img loading=\"lazy\" decoding=\"async\" width=\"400\" height=\"425\" src=\"https:\/\/tigere.com\/wp-content\/uploads\/2021\/07\/efecto.jpg\" alt=\"\" class=\"wp-image-98\" srcset=\"https:\/\/tigere.com\/wp-content\/uploads\/2021\/07\/efecto.jpg 400w, https:\/\/tigere.com\/wp-content\/uploads\/2021\/07\/efecto-282x300.jpg 282w\" sizes=\"auto, (max-width: 400px) 100vw, 400px\" \/><\/figure><\/div>\n","protected":false},"excerpt":{"rendered":"<p>Me gusta descubrir lo escondido. Explorar la realidad detr\u00e1s de la realidad. Observar la geometr\u00eda de las flores y percibir la vibraci\u00f3n de la m\u00fasica\u2026<\/p>\n","protected":false},"author":1,"featured_media":5,"parent":0,"menu_order":0,"comment_status":"closed","ping_status":"closed","template":"","meta":{"footnotes":""},"class_list":["post-9","page","type-page","status-publish","has-post-thumbnail","hentry"],"_links":{"self":[{"href":"https:\/\/tigere.com\/index.php\/wp-json\/wp\/v2\/pages\/9","targetHints":{"allow":["GET"]}}],"collection":[{"href":"https:\/\/tigere.com\/index.php\/wp-json\/wp\/v2\/pages"}],"about":[{"href":"https:\/\/tigere.com\/index.php\/wp-json\/wp\/v2\/types\/page"}],"author":[{"embeddable":true,"href":"https:\/\/tigere.com\/index.php\/wp-json\/wp\/v2\/users\/1"}],"replies":[{"embeddable":true,"href":"https:\/\/tigere.com\/index.php\/wp-json\/wp\/v2\/comments?post=9"}],"version-history":[{"count":8,"href":"https:\/\/tigere.com\/index.php\/wp-json\/wp\/v2\/pages\/9\/revisions"}],"predecessor-version":[{"id":100,"href":"https:\/\/tigere.com\/index.php\/wp-json\/wp\/v2\/pages\/9\/revisions\/100"}],"wp:featuredmedia":[{"embeddable":true,"href":"https:\/\/tigere.com\/index.php\/wp-json\/wp\/v2\/media\/5"}],"wp:attachment":[{"href":"https:\/\/tigere.com\/index.php\/wp-json\/wp\/v2\/media?parent=9"}],"curies":[{"name":"wp","href":"https:\/\/api.w.org\/{rel}","templated":true}]}}